{"id":17,"date":"2026-01-16T17:30:45","date_gmt":"2026-01-16T16:30:45","guid":{"rendered":"https:\/\/ieacademy.eu\/o-nas\/"},"modified":"2026-03-15T19:41:45","modified_gmt":"2026-03-15T18:41:45","slug":"o-nas","status":"publish","type":"page","link":"https:\/\/ieacademy.eu\/en\/o-nas\/","title":{"rendered":"O n\u00e1s"},"content":{"rendered":"<div class=\"wp-block-group alignfull is-style-ext-preset--group--natural-1--section has-background-background-color has-background has-global-padding is-layout-constrained wp-container-core-group-is-layout-6714b1d7 wp-block-group-is-layout-constrained\" id=\"o-nas\" style=\"margin-top:0;margin-bottom:0;padding-top:var(--wp--preset--spacing--70);padding-bottom:var(--wp--preset--spacing--70)\">\n<div class=\"wp-block-group alignwide is-vertical is-content-justification-center is-layout-flex wp-container-core-group-is-layout-c9ee0c5a wp-block-group-is-layout-flex\">\n<div class=\"wp-block-group has-global-padding is-layout-constrained wp-container-core-group-is-layout-2287c683 wp-block-group-is-layout-constrained\">\n<h2 class=\"wp-block-heading has-text-align-center\">Vzdel\u00e1vanie, ktor\u00e9 rozv\u00edja humanitn\u00e9 a medzikultur\u00e1lne kompetencie<\/h2>\n\n\n\n<p class=\"has-text-align-center\"><strong>International Education Academy<\/strong> poskytuje kvalitn\u00e9 certifikovan\u00e9 vzdel\u00e1vanie zameran\u00e9 na rozvoj soci\u00e1lnych a komunika\u010dn\u00fdch zru\u010dnost\u00ed, podporuj\u00fac otvoren\u00fa diskusiu a celo\u017eivotn\u00e9 u\u010denie v duchu humanitn\u00fdch hodn\u00f4t. Na\u0161e vzdel\u00e1vania s\u00fa certifikovan\u00e9 zahrani\u010dn\u00fdmi organiz\u00e1ciami&nbsp;<strong>International Certification Institute&nbsp;<\/strong>a <strong>International Education Society, London<\/strong>. Na\u0161a organiz\u00e1cia z\u00e1rove\u0148 z\u00edskala od&nbsp;<strong>Asoci\u00e1cie in\u0161tit\u00faci\u00ed vzdel\u00e1vania dospel\u00fdch v Slovenskej republike&nbsp;<\/strong>a to&nbsp;<strong>Certifik\u00e1t mana\u017e\u00e9rstva kvality AIVD EduQua.<\/strong><\/p>\n<\/div>\n<\/div>\n\n\n\n<div class=\"wp-block-columns alignwide is-layout-flex wp-container-core-columns-is-layout-28f84493 wp-block-columns-is-layout-flex\">\n<div class=\"wp-block-column is-layout-flow wp-block-column-is-layout-flow\">\n<figure class=\"wp-block-image is-style-ext-preset-image-natural-1-image-1--content-bottom is-style-ext-preset--image--natural-1--image-1--content-bottom is-style-ext-preset--image--natural-1--image-1--content-bottom--2\"><img loading=\"lazy\" decoding=\"async\" width=\"1440\" height=\"957\" src=\"https:\/\/ieacademy.eu\/wp-content\/uploads\/2026\/01\/7dc09a519e9944ba9e0083505c265e88740332f0.jpg\" alt=\"\" class=\"wp-image-48\" style=\"aspect-ratio:3\/4;object-fit:cover\" srcset=\"https:\/\/ieacademy.eu\/wp-content\/uploads\/2026\/01\/7dc09a519e9944ba9e0083505c265e88740332f0.jpg 1440w, https:\/\/ieacademy.eu\/wp-content\/uploads\/2026\/01\/7dc09a519e9944ba9e0083505c265e88740332f0-300x199.jpg 300w, https:\/\/ieacademy.eu\/wp-content\/uploads\/2026\/01\/7dc09a519e9944ba9e0083505c265e88740332f0-1024x681.jpg 1024w, https:\/\/ieacademy.eu\/wp-content\/uploads\/2026\/01\/7dc09a519e9944ba9e0083505c265e88740332f0-768x510.jpg 768w, https:\/\/ieacademy.eu\/wp-content\/uploads\/2026\/01\/7dc09a519e9944ba9e0083505c265e88740332f0-18x12.jpg 18w\" sizes=\"auto, (max-width: 1440px) 100vw, 1440px\" \/><\/figure>\n<\/div>\n\n\n\n<div class=\"wp-block-column is-layout-flow wp-block-column-is-layout-flow\">\n<figure class=\"wp-block-image is-style-ext-preset-image-natural-1-image-1--content-bottom is-style-ext-preset--image--natural-1--image-1--content-bottom is-style-ext-preset--image--natural-1--image-1--content-bottom--3\"><img loading=\"lazy\" decoding=\"async\" width=\"1440\" height=\"810\" src=\"https:\/\/ieacademy.eu\/wp-content\/uploads\/2026\/01\/47961c3da4093293a81a06c6e50a84f9636ebf75.jpg\" alt=\"\" class=\"wp-image-49\" style=\"aspect-ratio:3\/4;object-fit:cover\" srcset=\"https:\/\/ieacademy.eu\/wp-content\/uploads\/2026\/01\/47961c3da4093293a81a06c6e50a84f9636ebf75.jpg 1440w, https:\/\/ieacademy.eu\/wp-content\/uploads\/2026\/01\/47961c3da4093293a81a06c6e50a84f9636ebf75-300x169.jpg 300w, https:\/\/ieacademy.eu\/wp-content\/uploads\/2026\/01\/47961c3da4093293a81a06c6e50a84f9636ebf75-1024x576.jpg 1024w, https:\/\/ieacademy.eu\/wp-content\/uploads\/2026\/01\/47961c3da4093293a81a06c6e50a84f9636ebf75-768x432.jpg 768w, https:\/\/ieacademy.eu\/wp-content\/uploads\/2026\/01\/47961c3da4093293a81a06c6e50a84f9636ebf75-18x10.jpg 18w\" sizes=\"auto, (max-width: 1440px) 100vw, 1440px\" \/><\/figure>\n<\/div>\n\n\n\n<div class=\"wp-block-column is-layout-flow wp-block-column-is-layout-flow\">\n<figure class=\"wp-block-image is-style-ext-preset-image-natural-1-image-1--content-bottom is-style-ext-preset--image--natural-1--image-1--content-bottom is-style-ext-preset--image--natural-1--image-1--content-bottom--4\"><img loading=\"lazy\" decoding=\"async\" width=\"1440\" height=\"960\" src=\"https:\/\/ieacademy.eu\/wp-content\/uploads\/2026\/01\/1ee65c0708e4ed900e54b26f572a80b3c09ad768.jpg\" alt=\"\" class=\"wp-image-50\" style=\"aspect-ratio:3\/4;object-fit:cover\" srcset=\"https:\/\/ieacademy.eu\/wp-content\/uploads\/2026\/01\/1ee65c0708e4ed900e54b26f572a80b3c09ad768.jpg 1440w, https:\/\/ieacademy.eu\/wp-content\/uploads\/2026\/01\/1ee65c0708e4ed900e54b26f572a80b3c09ad768-300x200.jpg 300w, https:\/\/ieacademy.eu\/wp-content\/uploads\/2026\/01\/1ee65c0708e4ed900e54b26f572a80b3c09ad768-1024x683.jpg 1024w, https:\/\/ieacademy.eu\/wp-content\/uploads\/2026\/01\/1ee65c0708e4ed900e54b26f572a80b3c09ad768-768x512.jpg 768w, https:\/\/ieacademy.eu\/wp-content\/uploads\/2026\/01\/1ee65c0708e4ed900e54b26f572a80b3c09ad768-18x12.jpg 18w\" sizes=\"auto, (max-width: 1440px) 100vw, 1440px\" \/><\/figure>\n<\/div>\n<\/div>\n<\/div>\n\n\n\n<div class=\"wp-block-group alignfull is-style-ext-preset--group--natural-1--section has-tertiary-background-color has-background has-global-padding is-layout-constrained wp-container-core-group-is-layout-e955bbaf wp-block-group-is-layout-constrained\" style=\"margin-top:0;margin-bottom:0;padding-top:var(--wp--preset--spacing--70);padding-bottom:var(--wp--preset--spacing--70)\"><\/div>\n\n\n\n<div class=\"wp-block-group alignfull is-style-ext-preset--group--natural-1--section has-background-background-color has-background has-global-padding is-layout-constrained wp-container-core-group-is-layout-e955bbaf wp-block-group-is-layout-constrained\" id=\"tim\" style=\"margin-top:0;margin-bottom:0;padding-top:var(--wp--preset--spacing--70);padding-bottom:var(--wp--preset--spacing--70)\">\n<div class=\"wp-block-group alignwide is-vertical is-layout-flex wp-container-core-group-is-layout-c35747d5 wp-block-group-is-layout-flex\">\n<div class=\"wp-block-group has-global-padding is-layout-constrained wp-container-core-group-is-layout-2287c683 wp-block-group-is-layout-constrained\">\n<h2 class=\"wp-block-heading\">Podporujeme rast komunika\u010dn\u00fdch a soci\u00e1lnych kompetenci\u00ed<\/h2>\n\n\n\n<p>Predstavujeme sk\u00fasen\u00fdch odborn\u00edkov, ktor\u00ed formuj\u00fa na\u0161u akad\u00e9miu<\/p>\n<\/div>\n<\/div>\n\n\n\n<div class=\"wp-block-columns alignwide is-layout-flex wp-container-core-columns-is-layout-08c01c1c wp-block-columns-is-layout-flex\">\n<div class=\"wp-block-column is-vertically-aligned-stretch is-layout-flow wp-block-column-is-layout-flow\">\n<div class=\"wp-block-group is-style-ext-preset--group--natural-1--item-card-1--align-start has-global-padding is-layout-constrained wp-block-group-is-layout-constrained is-style-ext-preset--group--natural-1--item-card-1--align-start--7\">\n<figure class=\"wp-block-image size-full\"><img loading=\"lazy\" decoding=\"async\" width=\"600\" height=\"600\" src=\"https:\/\/ieacademy.eu\/wp-content\/uploads\/2026\/03\/team-10-61-edited.webp\" alt=\"\" class=\"wp-image-437\" style=\"aspect-ratio:1;object-fit:cover\" srcset=\"https:\/\/ieacademy.eu\/wp-content\/uploads\/2026\/03\/team-10-61-edited.webp 600w, https:\/\/ieacademy.eu\/wp-content\/uploads\/2026\/03\/team-10-61-edited-300x300.webp 300w, https:\/\/ieacademy.eu\/wp-content\/uploads\/2026\/03\/team-10-61-edited-150x150.webp 150w, https:\/\/ieacademy.eu\/wp-content\/uploads\/2026\/03\/team-10-61-edited-12x12.webp 12w\" sizes=\"auto, (max-width: 600px) 100vw, 600px\" \/><\/figure>\n\n\n\n<div class=\"wp-block-group is-style-default has-global-padding is-layout-constrained wp-block-group-is-layout-constrained\">\n<h3 class=\"wp-block-heading\" style=\"font-size:clamp(14px, 0.875rem + ((1vw - 3.2px) * 0.625), 20px);\">Ing. Mgr. Lucia Kimpanov\u00e1, DSc.<\/h3>\n\n\n\n<p style=\"margin-top:0;margin-bottom:0;font-size:clamp(14px, 0.875rem + ((1vw - 3.2px) * 0.417), 18px);\">Mana\u017e\u00e9rka vzdel\u00e1vania<\/p>\n\n\n\n<p><\/p>\n<\/div>\n<\/div>\n<\/div>\n\n\n\n<div class=\"wp-block-column is-vertically-aligned-stretch is-layout-flow wp-block-column-is-layout-flow\">\n<div class=\"wp-block-group is-style-ext-preset--group--natural-1--item-card-1--align-start has-global-padding is-layout-constrained wp-block-group-is-layout-constrained is-style-ext-preset--group--natural-1--item-card-1--align-start--8\">\n<figure class=\"wp-block-image size-full\"><img loading=\"lazy\" decoding=\"async\" width=\"600\" height=\"766\" src=\"https:\/\/ieacademy.eu\/wp-content\/uploads\/2026\/03\/team-13.webp\" alt=\"\" class=\"wp-image-433\" style=\"aspect-ratio:1;object-fit:cover\" srcset=\"https:\/\/ieacademy.eu\/wp-content\/uploads\/2026\/03\/team-13.webp 600w, https:\/\/ieacademy.eu\/wp-content\/uploads\/2026\/03\/team-13-235x300.webp 235w, https:\/\/ieacademy.eu\/wp-content\/uploads\/2026\/03\/team-13-9x12.webp 9w\" sizes=\"auto, (max-width: 600px) 100vw, 600px\" \/><\/figure>\n\n\n\n<div class=\"wp-block-group is-style-default has-global-padding is-layout-constrained wp-block-group-is-layout-constrained\">\n<h3 class=\"wp-block-heading\" style=\"font-size:clamp(14px, 0.875rem + ((1vw - 3.2px) * 0.625), 20px);\">PhDr. PaedDr. Mgr. Ivan Bal\u00e1\u017ei, MBA, DBA, DSc.<\/h3>\n\n\n\n<p style=\"margin-top:0;margin-bottom:0;font-size:clamp(14px, 0.875rem + ((1vw - 3.2px) * 0.417), 18px);\">Lektor<\/p>\n\n\n\n<p><\/p>\n<\/div>\n<\/div>\n<\/div>\n\n\n\n<div class=\"wp-block-column is-layout-flow wp-block-column-is-layout-flow\">\n<figure class=\"wp-block-gallery has-nested-images columns-default is-cropped wp-block-gallery-9 is-layout-flex wp-block-gallery-is-layout-flex\">\n<figure class=\"wp-block-image size-large\"><img loading=\"lazy\" decoding=\"async\" width=\"600\" height=\"600\" data-id=\"441\" src=\"https:\/\/ieacademy.eu\/wp-content\/uploads\/2026\/03\/team-12-95-1-edited.webp\" alt=\"\" class=\"wp-image-441\" srcset=\"https:\/\/ieacademy.eu\/wp-content\/uploads\/2026\/03\/team-12-95-1-edited.webp 600w, https:\/\/ieacademy.eu\/wp-content\/uploads\/2026\/03\/team-12-95-1-edited-300x300.webp 300w, https:\/\/ieacademy.eu\/wp-content\/uploads\/2026\/03\/team-12-95-1-edited-150x150.webp 150w, https:\/\/ieacademy.eu\/wp-content\/uploads\/2026\/03\/team-12-95-1-edited-12x12.webp 12w\" sizes=\"auto, (max-width: 600px) 100vw, 600px\" \/><\/figure>\n<\/figure>\n\n\n\n<h3 class=\"wp-block-heading\" style=\"font-size:clamp(14px, 0.875rem + ((1vw - 3.2px) * 0.625), 20px);\">PaedDr. PhDr. Filip Gerec, PhD., MBA, MPH<\/h3>\n\n\n\n<p style=\"margin-top:0;margin-bottom:0;font-size:clamp(14px, 0.875rem + ((1vw - 3.2px) * 0.417), 18px);\">Lektor<\/p>\n<\/div>\n\n\n\n<div class=\"wp-block-column is-vertically-aligned-stretch is-layout-flow wp-block-column-is-layout-flow\">\n<div class=\"wp-block-group is-style-ext-preset--group--natural-1--item-card-1--align-start has-global-padding is-layout-constrained wp-block-group-is-layout-constrained is-style-ext-preset--group--natural-1--item-card-1--align-start--10\">\n<figure class=\"wp-block-image size-full\"><img loading=\"lazy\" decoding=\"async\" width=\"600\" height=\"766\" src=\"https:\/\/ieacademy.eu\/wp-content\/uploads\/2026\/03\/team-38-45-1.webp\" alt=\"\" class=\"wp-image-454\" style=\"aspect-ratio:1;object-fit:cover\" srcset=\"https:\/\/ieacademy.eu\/wp-content\/uploads\/2026\/03\/team-38-45-1.webp 600w, https:\/\/ieacademy.eu\/wp-content\/uploads\/2026\/03\/team-38-45-1-235x300.webp 235w, https:\/\/ieacademy.eu\/wp-content\/uploads\/2026\/03\/team-38-45-1-9x12.webp 9w\" sizes=\"auto, (max-width: 600px) 100vw, 600px\" \/><\/figure>\n\n\n\n<div class=\"wp-block-group is-style-default has-global-padding is-layout-constrained wp-block-group-is-layout-constrained\">\n<h3 class=\"wp-block-heading\" style=\"font-size:clamp(14px, 0.875rem + ((1vw - 3.2px) * 0.625), 20px);\">Mgr. P\u0159emysl Mikol\u00e1\u0161<\/h3>\n\n\n\n<p style=\"margin-top:0;margin-bottom:0;font-size:clamp(14px, 0.875rem + ((1vw - 3.2px) * 0.417), 18px);\">Lektor<\/p>\n\n\n\n<p><\/p>\n<\/div>\n<\/div>\n<\/div>\n<\/div>\n<\/div>\n\n\n\n<div class=\"wp-block-group alignfull is-style-ext-preset--group--natural-1--section has-background-background-color has-background has-global-padding is-layout-constrained wp-container-core-group-is-layout-e955bbaf wp-block-group-is-layout-constrained\" id=\"tim\" style=\"margin-top:0;margin-bottom:0;padding-top:var(--wp--preset--spacing--70);padding-bottom:var(--wp--preset--spacing--70)\">\n<div class=\"wp-block-columns alignwide is-layout-flex wp-container-core-columns-is-layout-08c01c1c wp-block-columns-is-layout-flex\">\n<div class=\"wp-block-column is-vertically-aligned-stretch is-layout-flow wp-block-column-is-layout-flow\">\n<div class=\"wp-block-group is-style-ext-preset--group--natural-1--item-card-1--align-start has-global-padding is-layout-constrained wp-block-group-is-layout-constrained is-style-ext-preset--group--natural-1--item-card-1--align-start--12\">\n<figure class=\"wp-block-image size-full\"><img loading=\"lazy\" decoding=\"async\" width=\"600\" height=\"766\" src=\"https:\/\/ieacademy.eu\/wp-content\/uploads\/2026\/03\/team-11.webp\" alt=\"\" class=\"wp-image-459\" style=\"aspect-ratio:1;object-fit:cover\" srcset=\"https:\/\/ieacademy.eu\/wp-content\/uploads\/2026\/03\/team-11.webp 600w, https:\/\/ieacademy.eu\/wp-content\/uploads\/2026\/03\/team-11-235x300.webp 235w, https:\/\/ieacademy.eu\/wp-content\/uploads\/2026\/03\/team-11-9x12.webp 9w\" sizes=\"auto, (max-width: 600px) 100vw, 600px\" \/><\/figure>\n\n\n\n<div class=\"wp-block-group is-style-default has-global-padding is-layout-constrained wp-block-group-is-layout-constrained\">\n<h3 class=\"wp-block-heading\" style=\"font-size:clamp(14px, 0.875rem + ((1vw - 3.2px) * 0.625), 20px);\">PhDr. Henrieta Novkov\u00e1, MPH<\/h3>\n\n\n\n<p style=\"margin-top:0;margin-bottom:0;font-size:clamp(14px, 0.875rem + ((1vw - 3.2px) * 0.417), 18px);\">Lektor<\/p>\n\n\n\n<p><\/p>\n<\/div>\n<\/div>\n<\/div>\n\n\n\n<div class=\"wp-block-column is-vertically-aligned-stretch is-layout-flow wp-block-column-is-layout-flow\">\n<div class=\"wp-block-group is-style-ext-preset--group--natural-1--item-card-1--align-start has-global-padding is-layout-constrained wp-block-group-is-layout-constrained is-style-ext-preset--group--natural-1--item-card-1--align-start--13\">\n<figure class=\"wp-block-image size-full\"><img loading=\"lazy\" decoding=\"async\" width=\"600\" height=\"600\" src=\"https:\/\/ieacademy.eu\/wp-content\/uploads\/2026\/03\/team-19-31-1-edited.webp\" alt=\"\" class=\"wp-image-461\" style=\"aspect-ratio:1;object-fit:cover\" srcset=\"https:\/\/ieacademy.eu\/wp-content\/uploads\/2026\/03\/team-19-31-1-edited.webp 600w, https:\/\/ieacademy.eu\/wp-content\/uploads\/2026\/03\/team-19-31-1-edited-300x300.webp 300w, https:\/\/ieacademy.eu\/wp-content\/uploads\/2026\/03\/team-19-31-1-edited-150x150.webp 150w, https:\/\/ieacademy.eu\/wp-content\/uploads\/2026\/03\/team-19-31-1-edited-12x12.webp 12w\" sizes=\"auto, (max-width: 600px) 100vw, 600px\" \/><\/figure>\n\n\n\n<div class=\"wp-block-group is-style-default has-global-padding is-layout-constrained wp-block-group-is-layout-constrained\">\n<h3 class=\"wp-block-heading\" style=\"font-size:clamp(14px, 0.875rem + ((1vw - 3.2px) * 0.625), 20px);\">prof. PhDr. Pavol Danc\u00e1k, PhD.<\/h3>\n\n\n\n<p style=\"margin-top:0;margin-bottom:0;font-size:clamp(14px, 0.875rem + ((1vw - 3.2px) * 0.417), 18px);\">Lektor<\/p>\n\n\n\n<p><\/p>\n<\/div>\n<\/div>\n<\/div>\n\n\n\n<div class=\"wp-block-column is-layout-flow wp-block-column-is-layout-flow\">\n<figure class=\"wp-block-gallery has-nested-images columns-default is-cropped wp-block-gallery-14 is-layout-flex wp-block-gallery-is-layout-flex\">\n<figure class=\"wp-block-image size-full\"><img loading=\"lazy\" decoding=\"async\" width=\"600\" height=\"600\" data-id=\"463\" src=\"https:\/\/ieacademy.eu\/wp-content\/uploads\/2026\/03\/team-37-84-3-edited.webp\" alt=\"\" class=\"wp-image-463\" srcset=\"https:\/\/ieacademy.eu\/wp-content\/uploads\/2026\/03\/team-37-84-3-edited.webp 600w, https:\/\/ieacademy.eu\/wp-content\/uploads\/2026\/03\/team-37-84-3-edited-300x300.webp 300w, https:\/\/ieacademy.eu\/wp-content\/uploads\/2026\/03\/team-37-84-3-edited-150x150.webp 150w, https:\/\/ieacademy.eu\/wp-content\/uploads\/2026\/03\/team-37-84-3-edited-12x12.webp 12w\" sizes=\"auto, (max-width: 600px) 100vw, 600px\" \/><\/figure>\n<\/figure>\n\n\n\n<h3 class=\"wp-block-heading\" style=\"font-size:clamp(14px, 0.875rem + ((1vw - 3.2px) * 0.625), 20px);\">PhDr. Lenka \u0160tef\u00e1kov\u00e1, PhD., univ. docent<\/h3>\n\n\n\n<p style=\"margin-top:0;margin-bottom:0;font-size:clamp(14px, 0.875rem + ((1vw - 3.2px) * 0.417), 18px);\">Lektor<\/p>\n<\/div>\n\n\n\n<div class=\"wp-block-column is-vertically-aligned-stretch is-layout-flow wp-block-column-is-layout-flow\">\n<div class=\"wp-block-group is-style-ext-preset--group--natural-1--item-card-1--align-start has-global-padding is-layout-constrained wp-block-group-is-layout-constrained is-style-ext-preset--group--natural-1--item-card-1--align-start--15\">\n<figure class=\"wp-block-image size-full\"><img loading=\"lazy\" decoding=\"async\" width=\"600\" height=\"600\" src=\"https:\/\/ieacademy.eu\/wp-content\/uploads\/2026\/03\/team-39-53-edited.webp\" alt=\"\" class=\"wp-image-465\" style=\"aspect-ratio:1;object-fit:cover\" srcset=\"https:\/\/ieacademy.eu\/wp-content\/uploads\/2026\/03\/team-39-53-edited.webp 600w, https:\/\/ieacademy.eu\/wp-content\/uploads\/2026\/03\/team-39-53-edited-300x300.webp 300w, https:\/\/ieacademy.eu\/wp-content\/uploads\/2026\/03\/team-39-53-edited-150x150.webp 150w, https:\/\/ieacademy.eu\/wp-content\/uploads\/2026\/03\/team-39-53-edited-12x12.webp 12w\" sizes=\"auto, (max-width: 600px) 100vw, 600px\" \/><\/figure>\n\n\n\n<div class=\"wp-block-group is-style-default has-global-padding is-layout-constrained wp-block-group-is-layout-constrained\">\n<h3 class=\"wp-block-heading\" style=\"font-size:clamp(14px, 0.875rem + ((1vw - 3.2px) * 0.625), 20px);\">PhDr. Mgr. Janka Lipni\u010danov\u00e1<\/h3>\n\n\n\n<p style=\"margin-top:0;margin-bottom:0;font-size:clamp(14px, 0.875rem + ((1vw - 3.2px) * 0.417), 18px);\">Lektor<\/p>\n\n\n\n<p><\/p>\n<\/div>\n<\/div>\n<\/div>\n<\/div>\n<\/div>","protected":false},"excerpt":{"rendered":"<p>Vzdel\u00e1vanie, ktor\u00e9 rozv\u00edja humanitn\u00e9 a medzikultur\u00e1lne kompetencie International Education Academy poskytuje kvalitn\u00e9 certifikovan\u00e9 vzdel\u00e1vanie zameran\u00e9 na rozvoj soci\u00e1lnych a komunika\u010dn\u00fdch zru\u010dnost\u00ed, podporuj\u00fac otvoren\u00fa diskusiu a celo\u017eivotn\u00e9 u\u010denie v duchu humanitn\u00fdch hodn\u00f4t. Na\u0161e vzdel\u00e1vania s\u00fa certifikovan\u00e9 zahrani\u010dn\u00fdmi organiz\u00e1ciami&nbsp;International Certification Institute&nbsp;a International Education Society, London. Na\u0161a organiz\u00e1cia z\u00e1rove\u0148 z\u00edskala od&nbsp;Asoci\u00e1cie in\u0161tit\u00faci\u00ed vzdel\u00e1vania dospel\u00fdch v Slovenskej republike&nbsp;a to&nbsp;Certifik\u00e1t [&hellip;]<\/p>\n","protected":false},"author":1,"featured_media":0,"parent":0,"menu_order":0,"comment_status":"closed","ping_status":"closed","template":"page-with-title","meta":{"_monsterinsights_skip_tracking":false,"_monsterinsights_sitenote_active":false,"_monsterinsights_sitenote_note":"","_monsterinsights_sitenote_category":0,"footnotes":""},"class_list":["post-17","page","type-page","status-publish","hentry"],"aioseo_notices":[],"_links":{"self":[{"href":"https:\/\/ieacademy.eu\/en\/wp-json\/wp\/v2\/pages\/17","targetHints":{"allow":["GET"]}}],"collection":[{"href":"https:\/\/ieacademy.eu\/en\/wp-json\/wp\/v2\/pages"}],"about":[{"href":"https:\/\/ieacademy.eu\/en\/wp-json\/wp\/v2\/types\/page"}],"author":[{"embeddable":true,"href":"https:\/\/ieacademy.eu\/en\/wp-json\/wp\/v2\/users\/1"}],"replies":[{"embeddable":true,"href":"https:\/\/ieacademy.eu\/en\/wp-json\/wp\/v2\/comments?post=17"}],"version-history":[{"count":8,"href":"https:\/\/ieacademy.eu\/en\/wp-json\/wp\/v2\/pages\/17\/revisions"}],"predecessor-version":[{"id":466,"href":"https:\/\/ieacademy.eu\/en\/wp-json\/wp\/v2\/pages\/17\/revisions\/466"}],"wp:attachment":[{"href":"https:\/\/ieacademy.eu\/en\/wp-json\/wp\/v2\/media?parent=17"}],"curies":[{"name":"wp","href":"https:\/\/api.w.org\/{rel}","templated":true}]}}