{"id":423,"date":"2026-03-15T18:29:05","date_gmt":"2026-03-15T17:29:05","guid":{"rendered":"https:\/\/ieacademy.eu\/?page_id=423"},"modified":"2026-04-24T08:19:11","modified_gmt":"2026-04-24T06:19:11","slug":"redakcna-rada","status":"publish","type":"page","link":"https:\/\/ieacademy.eu\/en\/health-humanity\/redakcna-rada\/","title":{"rendered":"Redak\u010dn\u00e1 rada"},"content":{"rendered":"<div class=\"wp-block-columns alignwide are-vertically-aligned-center is-layout-flex wp-container-core-columns-is-layout-174606dc wp-block-columns-is-layout-flex\">\n<div class=\"wp-block-column is-vertically-aligned-center is-layout-flow wp-block-column-is-layout-flow\">\n<div class=\"wp-block-group alignwide is-vertical is-layout-flex wp-container-core-group-is-layout-c35747d5 wp-block-group-is-layout-flex\">\n<div class=\"wp-block-group has-global-padding is-layout-constrained wp-container-core-group-is-layout-dd32767c wp-block-group-is-layout-constrained\">\n<h6 class=\"wp-block-heading\">\u0160\u00e9fredaktor<\/h6>\n\n\n\n<p>doc. PhDr. PaedDr. Silvia Barnov\u00e1, PhD., MBA<br>Vysok\u00e1 \u0161kola DTI, s.r.o. (SK)<\/p>\n\n\n\n<p><strong>Redak\u010dn\u00e1 rada<\/strong><\/p>\n\n\n\n<ul class=\"wp-block-list\">\n<li><strong>prof. PhDr. Miron Zelina, DrSc.<\/strong>\n<ul class=\"wp-block-list\">\n<li>Vysok\u00e1 \u0161kola DTI, s.r.o. (SK)<\/li>\n<\/ul>\n<\/li>\n\n\n\n<li><strong>prof. PhDr. Miroslava Szarkov\u00e1, CSc.<\/strong>\n<ul class=\"wp-block-list\">\n<li>Vysok\u00e1 \u0161kola zdravotn\u00edctva a\u00a0soci\u00e1lnej pr\u00e1ce sv. Al\u017ebety v\u00a0Bratislave, n.o. (SK)<\/li>\n<\/ul>\n<\/li>\n\n\n\n<li><strong>prof. Dr. habil. PaedDr. Ing. Istv\u00e1n Sz\u0151k\u00f6l, PhD.<\/strong>\n<ul class=\"wp-block-list\">\n<li>Trnavsk\u00e1 univerzita v\u00a0Trnave (SK)<\/li>\n<\/ul>\n<\/li>\n\n\n\n<li><strong>prof. MUDr. M\u00e1ria \u0160ustrov\u00e1, CSc.<\/strong>\n<ul class=\"wp-block-list\">\n<li>Vysok\u00e1 \u0161kola zdravotn\u00edctva a\u00a0soci\u00e1lnej pr\u00e1ce sv. Al\u017ebety v\u00a0Bratislave, n.o. (SK)<\/li>\n<\/ul>\n<\/li>\n\n\n\n<li><strong>prof. PaedDr. Mgr. Eva Zacharov\u00e1, PhD.<\/strong> \n<ul class=\"wp-block-list\">\n<li>Vysok\u00e1 \u0161kola zdravotn\u00edctva a\u00a0soci\u00e1lnej pr\u00e1ce sv. Al\u017ebety v\u00a0Bratislave, n.o. (SK)<\/li>\n<\/ul>\n<\/li>\n\n\n\n<li><strong>doc. JUDr. PhDr. PaedDr. Sl\u00e1vka Kr\u00e1sna, PhD. et Ph.D.<\/strong>\n<ul class=\"wp-block-list\">\n<li>Vysok\u00e1 \u0161kola DTI, s.r.o. (SK)<\/li>\n<\/ul>\n<\/li>\n\n\n\n<li><strong>doc. Mgr. Gabriela Rozvadsk\u00fd Gugov\u00e1, PhD.<\/strong>\n<ul class=\"wp-block-list\">\n<li>Vysok\u00e1 \u0161kola DTI, s.r.o. (SK)<\/li>\n<\/ul>\n<\/li>\n\n\n\n<li><strong>doc. PhDr. Sl\u00e1vka \u010cepelov\u00e1, PhD.<\/strong>\n<ul class=\"wp-block-list\">\n<li>Vysok\u00e1 \u0161kola DTI, s.r.o. (SK)<\/li>\n<\/ul>\n<\/li>\n\n\n\n<li><strong>doc. Ing. Ji\u0159\u00ed Du\u0161ek, Ph.D.<\/strong>\n<ul class=\"wp-block-list\">\n<li>Vysok\u00e1 \u0161kola evropsk\u00fdch a\u00a0region\u00e1ln\u00edch studi\u00ed (CZ)<\/li>\n<\/ul>\n<\/li>\n\n\n\n<li><strong>JUDr. PhDr. Tom\u00e1\u0161 Klokner, PhD., MBA, univ. doc.<\/strong>\n<ul class=\"wp-block-list\">\n<li>Vysok\u00e1 \u0161kola Danubius (SK)<\/li>\n<\/ul>\n<\/li>\n<\/ul>\n\n\n\n<p><strong>Technick\u00fd redaktor<\/strong><\/p>\n\n\n\n<p>Ing. Mgr. Lucia Kimpanov\u00e1, DSc.<\/p>\n<\/div>\n<\/div>\n<\/div>\n\n\n\n<div class=\"wp-block-column is-vertically-aligned-center is-layout-flow wp-block-column-is-layout-flow\">\n<figure class=\"wp-block-image is-style-ext-preset--image--natural-1--image-1--content-left is-style-ext-preset--image--natural-1--image-1--content-left--1\"><img loading=\"lazy\" decoding=\"async\" width=\"960\" height=\"1440\" src=\"https:\/\/ieacademy.eu\/wp-content\/uploads\/2026\/01\/73ef091d3fe663be6420c2a67d0aa5be8b3d2df6.jpg\" alt=\"\" class=\"wp-image-62\" style=\"aspect-ratio:1;object-fit:cover\" srcset=\"https:\/\/ieacademy.eu\/wp-content\/uploads\/2026\/01\/73ef091d3fe663be6420c2a67d0aa5be8b3d2df6.jpg 960w, https:\/\/ieacademy.eu\/wp-content\/uploads\/2026\/01\/73ef091d3fe663be6420c2a67d0aa5be8b3d2df6-200x300.jpg 200w, https:\/\/ieacademy.eu\/wp-content\/uploads\/2026\/01\/73ef091d3fe663be6420c2a67d0aa5be8b3d2df6-683x1024.jpg 683w, https:\/\/ieacademy.eu\/wp-content\/uploads\/2026\/01\/73ef091d3fe663be6420c2a67d0aa5be8b3d2df6-768x1152.jpg 768w, https:\/\/ieacademy.eu\/wp-content\/uploads\/2026\/01\/73ef091d3fe663be6420c2a67d0aa5be8b3d2df6-8x12.jpg 8w\" sizes=\"auto, (max-width: 960px) 100vw, 960px\" \/><\/figure>\n<\/div>\n<\/div>\n\n\n\n<p><\/p>","protected":false},"excerpt":{"rendered":"<p>\u0160\u00e9fredaktor doc. PhDr. PaedDr. Silvia Barnov\u00e1, PhD., MBAVysok\u00e1 \u0161kola DTI, s.r.o. (SK) Redak\u010dn\u00e1 rada Technick\u00fd redaktor Ing. Mgr. Lucia Kimpanov\u00e1, DSc.<\/p>","protected":false},"author":2,"featured_media":0,"parent":135,"menu_order":0,"comment_status":"closed","ping_status":"closed","template":"page-with-title","meta":{"_monsterinsights_skip_tracking":false,"_monsterinsights_sitenote_active":false,"_monsterinsights_sitenote_note":"","_monsterinsights_sitenote_category":0,"footnotes":""},"class_list":["post-423","page","type-page","status-publish","hentry"],"aioseo_notices":[],"_links":{"self":[{"href":"https:\/\/ieacademy.eu\/en\/wp-json\/wp\/v2\/pages\/423","targetHints":{"allow":["GET"]}}],"collection":[{"href":"https:\/\/ieacademy.eu\/en\/wp-json\/wp\/v2\/pages"}],"about":[{"href":"https:\/\/ieacademy.eu\/en\/wp-json\/wp\/v2\/types\/page"}],"author":[{"embeddable":true,"href":"https:\/\/ieacademy.eu\/en\/wp-json\/wp\/v2\/users\/2"}],"replies":[{"embeddable":true,"href":"https:\/\/ieacademy.eu\/en\/wp-json\/wp\/v2\/comments?post=423"}],"version-history":[{"count":7,"href":"https:\/\/ieacademy.eu\/en\/wp-json\/wp\/v2\/pages\/423\/revisions"}],"predecessor-version":[{"id":535,"href":"https:\/\/ieacademy.eu\/en\/wp-json\/wp\/v2\/pages\/423\/revisions\/535"}],"up":[{"embeddable":true,"href":"https:\/\/ieacademy.eu\/en\/wp-json\/wp\/v2\/pages\/135"}],"wp:attachment":[{"href":"https:\/\/ieacademy.eu\/en\/wp-json\/wp\/v2\/media?parent=423"}],"curies":[{"name":"wp","href":"https:\/\/api.w.org\/{rel}","templated":true}]}}