{"id":482,"date":"2026-04-23T10:37:28","date_gmt":"2026-04-23T08:37:28","guid":{"rendered":"https:\/\/ieacademy.eu\/?page_id=482"},"modified":"2026-04-23T21:57:40","modified_gmt":"2026-04-23T19:57:40","slug":"o-casopise","status":"publish","type":"page","link":"https:\/\/ieacademy.eu\/en\/health-humanity\/o-casopise\/","title":{"rendered":"O \u010dasopise"},"content":{"rendered":"<div class=\"wp-block-columns is-layout-flex wp-container-core-columns-is-layout-28f84493 wp-block-columns-is-layout-flex\">\n<div class=\"wp-block-column is-layout-flow wp-block-column-is-layout-flow\" style=\"flex-basis:50%\">\n<p class=\"has-text-align-center\">\u010casopis <strong>Health &amp; Humanity<\/strong> predstavuje vedeck\u00fa publika\u010dn\u00fa platformu zameran\u00fa na prepojenie zdravotn\u00edckych a soci\u00e1lnych t\u00e9m v \u0161ir\u0161om kontexte humanitn\u00fdch vied. Vydavate\u013eom tohto periodika je <strong>International Education Academy, n.o.<\/strong>, ktor\u00e1 sa orientuje na podporu vzdel\u00e1vania, v\u00fdskumu a \u0161\u00edrenia poznatkov v oblasti zdravotn\u00edctva, soci\u00e1lnej pr\u00e1ce a pr\u00edbuzn\u00fdch discipl\u00edn. Tento \u010dasopis reflektuje rast\u00facu potrebu interdisciplin\u00e1rneho pr\u00edstupu k rie\u0161eniu probl\u00e9mov s\u00fa\u010dasnej spolo\u010dnosti, kde sa zdravotn\u00e9 ot\u00e1zky \u010doraz viac prel\u00ednaj\u00fa so soci\u00e1lnymi, psychologick\u00fdmi a etick\u00fdmi aspektmi.<\/p>\n<\/div>\n\n\n\n<div class=\"wp-block-column is-layout-flow wp-block-column-is-layout-flow\" style=\"flex-basis:50%\">\n<figure class=\"wp-block-image size-large\"><img loading=\"lazy\" decoding=\"async\" width=\"724\" height=\"1024\" src=\"https:\/\/ieacademy.eu\/wp-content\/uploads\/2026\/04\/Health-Humanity_titulka-724x1024.png\" alt=\"\" class=\"wp-image-484\" style=\"aspect-ratio:0.7070428092325902\" srcset=\"https:\/\/ieacademy.eu\/wp-content\/uploads\/2026\/04\/Health-Humanity_titulka-724x1024.png 724w, https:\/\/ieacademy.eu\/wp-content\/uploads\/2026\/04\/Health-Humanity_titulka-212x300.png 212w, https:\/\/ieacademy.eu\/wp-content\/uploads\/2026\/04\/Health-Humanity_titulka-768x1086.png 768w, https:\/\/ieacademy.eu\/wp-content\/uploads\/2026\/04\/Health-Humanity_titulka-1086x1536.png 1086w, https:\/\/ieacademy.eu\/wp-content\/uploads\/2026\/04\/Health-Humanity_titulka-1448x2048.png 1448w, https:\/\/ieacademy.eu\/wp-content\/uploads\/2026\/04\/Health-Humanity_titulka-8x12.png 8w, https:\/\/ieacademy.eu\/wp-content\/uploads\/2026\/04\/Health-Humanity_titulka.png 1587w\" sizes=\"auto, (max-width: 724px) 100vw, 724px\" \/><\/figure>\n<\/div>\n<\/div>\n\n\n\n<blockquote class=\"wp-block-quote is-layout-flow wp-block-quote-is-layout-flow\">\n<p class=\"has-text-align-left\">Health &amp; Humanity sa profiluje ako vedeck\u00fd \u010dasopis, ktor\u00fd publikuje recenzovan\u00e9 \u010dl\u00e1nky od dom\u00e1cich aj zahrani\u010dn\u00fdch autorov. Jeho obsah zah\u0155\u0148a v\u00fdskumn\u00e9 \u0161t\u00fadie a kladie d\u00f4raz najm\u00e4 na aktu\u00e1lne v\u00fdzvy v oblasti verejn\u00e9ho zdravia, zdravotnej starostlivosti, soci\u00e1lnych slu\u017eieb a kvality \u017eivota r\u00f4znych skup\u00edn obyvate\u013estva. Tak\u00fdto interdisciplin\u00e1rny z\u00e1ber je charakteristick\u00fd aj pre podobn\u00e9 vedeck\u00e9 periodik\u00e1 v regi\u00f3ne, ktor\u00e9 sp\u00e1jaj\u00fa oblasti zdravotn\u00edctva, o\u0161etrovate\u013estva a soci\u00e1lnej pr\u00e1ce do jedn\u00e9ho v\u00fdskumn\u00e9ho r\u00e1mca .<\/p>\n\n\n\n<p class=\"has-text-align-left\">Jednou z hlavn\u00fdch \u00faloh \u010dasopisu je vytv\u00e1ra\u0165 priestor pre odborn\u00fa diskusiu o t\u00e9mach, ako s\u00fa zdravotn\u00e1 gramotnos\u0165, prevencia ochoren\u00ed, starostlivos\u0165 o zranite\u013en\u00e9 skupiny, etick\u00e9 dilemy v medic\u00edne \u010di soci\u00e1lne determinanty zdravia. Publikovan\u00e9 pr\u00edspevky \u010dasto reflektuj\u00fa re\u00e1lne probl\u00e9my praxe a prin\u00e1\u0161aj\u00fa n\u00e1vrhy rie\u0161en\u00ed vyu\u017eite\u013en\u00e9 v zdravotn\u00edckych a soci\u00e1lnych in\u0161tit\u00faci\u00e1ch. V tomto smere \u010dasopis nadv\u00e4zuje na trad\u00edciu vedeck\u00fdch \u010dasopisov, ktor\u00e9 sa venuj\u00fa nielen medic\u00ednskym aspektom, ale aj \u0161ir\u0161\u00edm s\u00favislostiam, napr\u00edklad v oblasti soci\u00e1lnej pr\u00e1ce, vzdel\u00e1vania alebo etiky .<\/p>\n\n\n\n<p class=\"has-text-align-left\">D\u00f4le\u017eit\u00fdm pr\u00ednosom Health &amp; Humanity je jeho orient\u00e1cia na prepojenie te\u00f3rie s praxou. \u010cl\u00e1nky \u010dasto vych\u00e1dzaj\u00fa z empirick\u00e9ho v\u00fdskumu alebo z konkr\u00e9tnych sk\u00fasenost\u00ed odborn\u00edkov pracuj\u00facich v ter\u00e9ne. To umo\u017e\u0148uje lep\u0161ie pochopenie komplexn\u00fdch probl\u00e9mov, ak\u00fdmi s\u00fa starnutie popul\u00e1cie, chronick\u00e9 ochorenia, soci\u00e1lne vyl\u00fa\u010denie \u010di dostupnos\u0165 zdravotnej starostlivosti. Z\u00e1rove\u0148 \u010dasopis podporuje interdisciplin\u00e1rnu spolupr\u00e1cu medzi zdravotn\u00edkmi, soci\u00e1lnymi pracovn\u00edkmi, pedag\u00f3gmi a \u010fal\u0161\u00edmi odborn\u00edkmi.<\/p>\n\n\n\n<p class=\"has-text-align-left\">Nemenej v\u00fdznamn\u00e1 je aj eduka\u010dn\u00e1 funkcia \u010dasopisu. Prostredn\u00edctvom publikovan\u00fdch \u010dl\u00e1nkov prispieva k rozvoju odborn\u00fdch kompetenci\u00ed \u0161tudentov a profesion\u00e1lov, podporuje kritick\u00e9 myslenie a \u0161\u00edri najnov\u0161ie poznatky z v\u00fdskumu. V s\u00falade s modern\u00fdmi trendmi vedeck\u00e9ho publikovania m\u00f4\u017ee by\u0165 obsah dostupn\u00fd aj v elektronickej forme, \u010do zvy\u0161uje jeho dostupnos\u0165 pre \u0161ir\u0161iu odborn\u00fa komunitu.<\/p>\n\n\n\n<p class=\"has-text-align-left\">Celkovo mo\u017eno \u010dasopis Health &amp; Humanity charakterizova\u0165 ako v\u00fdznamn\u00fd pr\u00edspevok k rozvoju vedeck\u00e9ho poznania v oblasti zdravotn\u00edctva a soci\u00e1lnych vied. Jeho cie\u013eom je nielen publikova\u0165 kvalitn\u00e9 vedeck\u00e9 \u010dl\u00e1nky, ale aj podporova\u0165 dial\u00f3g medzi r\u00f4znymi odbormi a prispieva\u0165 k zlep\u0161ovaniu kvality \u017eivota jednotlivcov i celej spolo\u010dnosti.<\/p>\n<\/blockquote>\n\n\n\n<blockquote class=\"wp-block-quote is-layout-flow wp-block-quote-is-layout-flow\">\n<p class=\"has-text-align-left\"><strong>Open Access<\/strong><\/p>\n<\/blockquote>\n\n\n\n<blockquote class=\"wp-block-quote is-layout-flow wp-block-quote-is-layout-flow\">\n<p class=\"has-text-align-left\">Health &amp; Humanity je \u010dasopis s otvoren\u00fdm pr\u00edstupom (Open Access), \u010do znamen\u00e1, \u017ee cel\u00fd jeho obsah je bezplatne dostupn\u00fd pou\u017e\u00edvate\u013eom aj ich in\u0161tit\u00faci\u00e1m. Pou\u017e\u00edvatelia maj\u00fa pr\u00e1vo \u010dl\u00e1nky vo\u013ene \u010d\u00edta\u0165, s\u0165ahova\u0165, kop\u00edrova\u0165, distribuova\u0165, tla\u010di\u0165, vyh\u013ead\u00e1va\u0165, odkazova\u0165 na ich pln\u00e9 znenie alebo ich vyu\u017e\u00edva\u0165 na in\u00e9 z\u00e1konn\u00e9 \u00fa\u010dely bez potreby predch\u00e1dzaj\u00faceho s\u00fahlasu vydavate\u013ea \u010di autora. Tento pr\u00edstup je v s\u00falade s defin\u00edciou otvoren\u00e9ho pr\u00edstupu pod\u013ea Budapest Open Access Initiative.<\/p>\n\n\n\n<p class=\"has-text-align-left\">V\u0161etky \u010dl\u00e1nky s\u00fa publikovan\u00e9 v re\u017eime otvoren\u00e9ho pr\u00edstupu pod licenciou Creative Commons BY-NC-ND. To znamen\u00e1, \u017ee ich pou\u017eitie, \u0161\u00edrenie alebo reprodukcia v in\u00fdch prostrediach je povolen\u00e1 za podmienky, \u017ee bude riadne uveden\u00fd p\u00f4vodn\u00fd autor alebo autori a dr\u017eite\u013e autorsk\u00fdch pr\u00e1v, a z\u00e1rove\u0148 bude citovan\u00e1 p\u00f4vodn\u00e1 publik\u00e1cia v tomto \u010dasopise v s\u00falade so zavedenou akademickou praxou. Ak\u00e9ko\u013evek pou\u017eitie, \u0161\u00edrenie alebo reprodukcia, ktor\u00e9 nie s\u00fa v s\u00falade s t\u00fdmito podmienkami, nie s\u00fa povolen\u00e9.<\/p>\n<\/blockquote>\n\n\n\n<figure class=\"wp-block-image size-full is-resized\"><img loading=\"lazy\" decoding=\"async\" width=\"768\" height=\"312\" src=\"https:\/\/ieacademy.eu\/wp-content\/uploads\/2026\/04\/OA_logo.png\" alt=\"\" class=\"wp-image-519\" style=\"aspect-ratio:2.4618228023564743;width:250px;height:auto\" srcset=\"https:\/\/ieacademy.eu\/wp-content\/uploads\/2026\/04\/OA_logo.png 768w, https:\/\/ieacademy.eu\/wp-content\/uploads\/2026\/04\/OA_logo-300x122.png 300w, https:\/\/ieacademy.eu\/wp-content\/uploads\/2026\/04\/OA_logo-18x7.png 18w\" sizes=\"auto, (max-width: 768px) 100vw, 768px\" \/><\/figure>\n\n\n\n<p><\/p>","protected":false},"excerpt":{"rendered":"<p>\u010casopis Health &amp; Humanity predstavuje vedeck\u00fa publika\u010dn\u00fa platformu zameran\u00fa na prepojenie zdravotn\u00edckych a soci\u00e1lnych t\u00e9m v \u0161ir\u0161om kontexte humanitn\u00fdch vied. Vydavate\u013eom tohto periodika je International Education Academy, n.o., ktor\u00e1 sa orientuje na podporu vzdel\u00e1vania, v\u00fdskumu a \u0161\u00edrenia poznatkov v oblasti zdravotn\u00edctva, soci\u00e1lnej pr\u00e1ce a pr\u00edbuzn\u00fdch discipl\u00edn. Tento \u010dasopis reflektuje rast\u00facu potrebu interdisciplin\u00e1rneho pr\u00edstupu k rie\u0161eniu [&hellip;]<\/p>\n","protected":false},"author":2,"featured_media":0,"parent":135,"menu_order":0,"comment_status":"closed","ping_status":"closed","template":"page-with-title","meta":{"_monsterinsights_skip_tracking":false,"_monsterinsights_sitenote_active":false,"_monsterinsights_sitenote_note":"","_monsterinsights_sitenote_category":0,"footnotes":""},"class_list":["post-482","page","type-page","status-publish","hentry"],"aioseo_notices":[],"_links":{"self":[{"href":"https:\/\/ieacademy.eu\/en\/wp-json\/wp\/v2\/pages\/482","targetHints":{"allow":["GET"]}}],"collection":[{"href":"https:\/\/ieacademy.eu\/en\/wp-json\/wp\/v2\/pages"}],"about":[{"href":"https:\/\/ieacademy.eu\/en\/wp-json\/wp\/v2\/types\/page"}],"author":[{"embeddable":true,"href":"https:\/\/ieacademy.eu\/en\/wp-json\/wp\/v2\/users\/2"}],"replies":[{"embeddable":true,"href":"https:\/\/ieacademy.eu\/en\/wp-json\/wp\/v2\/comments?post=482"}],"version-history":[{"count":9,"href":"https:\/\/ieacademy.eu\/en\/wp-json\/wp\/v2\/pages\/482\/revisions"}],"predecessor-version":[{"id":534,"href":"https:\/\/ieacademy.eu\/en\/wp-json\/wp\/v2\/pages\/482\/revisions\/534"}],"up":[{"embeddable":true,"href":"https:\/\/ieacademy.eu\/en\/wp-json\/wp\/v2\/pages\/135"}],"wp:attachment":[{"href":"https:\/\/ieacademy.eu\/en\/wp-json\/wp\/v2\/media?parent=482"}],"curies":[{"name":"wp","href":"https:\/\/api.w.org\/{rel}","templated":true}]}}