{"id":499,"date":"2026-04-23T14:07:42","date_gmt":"2026-04-23T12:07:42","guid":{"rendered":"https:\/\/ieacademy.eu\/?page_id=499"},"modified":"2026-04-23T19:33:27","modified_gmt":"2026-04-23T17:33:27","slug":"kontakt-na-redakciu","status":"publish","type":"page","link":"https:\/\/ieacademy.eu\/en\/health-humanity\/kontakt-na-redakciu\/","title":{"rendered":"Kontakt"},"content":{"rendered":"<blockquote class=\"wp-block-quote is-layout-flow wp-block-quote-is-layout-flow\">\n<p><strong>Vydavate\u013e<\/strong><\/p>\n\n\n\n<p><strong>Kore\u0161ponden\u010dn\u00e1 adresa:<\/strong><br>International Education Academy, n.o.<br>\u017delezni\u010dn\u00fd rad 70\/8<br>968 01 Nov\u00e1 Ba\u0148a<br><\/p>\n<\/blockquote>\n\n\n\n<blockquote class=\"wp-block-quote is-layout-flow wp-block-quote-is-layout-flow\">\n<p><strong>Redakcia:<\/strong><br><strong>Ing. Mgr. Lucia Kimpanov\u00e1, DSc.<\/strong><br>Tel. kontakt: 00421 905 565 624<br>E-mail kontakt: info@ieacademy.eu<\/p>\n<\/blockquote>\n\n\n\n<p><\/p>","protected":false},"excerpt":{"rendered":"<p>Vydavate\u013e Kore\u0161ponden\u010dn\u00e1 adresa:International Education Academy, n.o.\u017delezni\u010dn\u00fd rad 70\/8968 01 Nov\u00e1 Ba\u0148a Redakcia:Ing. Mgr. Lucia Kimpanov\u00e1, DSc.Tel. kontakt: 00421 905 565 624E-mail kontakt: info@ieacademy.eu<\/p>","protected":false},"author":2,"featured_media":0,"parent":135,"menu_order":0,"comment_status":"closed","ping_status":"closed","template":"page-with-title","meta":{"_monsterinsights_skip_tracking":false,"_monsterinsights_sitenote_active":false,"_monsterinsights_sitenote_note":"","_monsterinsights_sitenote_category":0,"footnotes":""},"class_list":["post-499","page","type-page","status-publish","hentry"],"aioseo_notices":[],"_links":{"self":[{"href":"https:\/\/ieacademy.eu\/en\/wp-json\/wp\/v2\/pages\/499","targetHints":{"allow":["GET"]}}],"collection":[{"href":"https:\/\/ieacademy.eu\/en\/wp-json\/wp\/v2\/pages"}],"about":[{"href":"https:\/\/ieacademy.eu\/en\/wp-json\/wp\/v2\/types\/page"}],"author":[{"embeddable":true,"href":"https:\/\/ieacademy.eu\/en\/wp-json\/wp\/v2\/users\/2"}],"replies":[{"embeddable":true,"href":"https:\/\/ieacademy.eu\/en\/wp-json\/wp\/v2\/comments?post=499"}],"version-history":[{"count":5,"href":"https:\/\/ieacademy.eu\/en\/wp-json\/wp\/v2\/pages\/499\/revisions"}],"predecessor-version":[{"id":522,"href":"https:\/\/ieacademy.eu\/en\/wp-json\/wp\/v2\/pages\/499\/revisions\/522"}],"up":[{"embeddable":true,"href":"https:\/\/ieacademy.eu\/en\/wp-json\/wp\/v2\/pages\/135"}],"wp:attachment":[{"href":"https:\/\/ieacademy.eu\/en\/wp-json\/wp\/v2\/media?parent=499"}],"curies":[{"name":"wp","href":"https:\/\/api.w.org\/{rel}","templated":true}]}}