{"id":511,"date":"2026-04-23T14:24:16","date_gmt":"2026-04-23T12:24:16","guid":{"rendered":"https:\/\/ieacademy.eu\/?page_id=511"},"modified":"2026-04-23T14:27:08","modified_gmt":"2026-04-23T12:27:08","slug":"eticky-kodex","status":"publish","type":"page","link":"https:\/\/ieacademy.eu\/en\/health-humanity\/eticky-kodex\/","title":{"rendered":"Etick\u00fd k\u00f3dex"},"content":{"rendered":"<blockquote class=\"wp-block-quote is-layout-flow wp-block-quote-is-layout-flow\">\n<p>Etick\u00fd k\u00f3dex &#8211; <strong>Health &amp; Humanity<\/strong><\/p>\n<\/blockquote>\n\n\n\n<blockquote class=\"wp-block-quote is-layout-flow wp-block-quote-is-layout-flow\">\n<p>\u010casopis <em>Health &amp; Humanity<\/em> sa zav\u00e4zuje dodr\u017eiava\u0165 vysok\u00e9 etick\u00e9 \u0161tandardy v oblasti publikovania, vedeck\u00e9ho v\u00fdskumu a odbornej komunik\u00e1cie. Cie\u013eom tohto etick\u00e9ho k\u00f3dexu je zabezpe\u010di\u0165 d\u00f4veryhodnos\u0165, transparentnos\u0165 a kvalitu publikovan\u00fdch pr\u00edspevkov, ako aj jasne definova\u0165 pravidl\u00e1 pre autorov, recenzentov a \u010dlenov redakcie.<\/p>\n\n\n\n<p>V\u0161etky publikovan\u00e9 pr\u00edspevky musia by\u0165 origin\u00e1lne, pravdiv\u00e9 a odborne podlo\u017een\u00e9. Autori s\u00fa povinn\u00ed prezentova\u0165 v\u00fdsledky svojho v\u00fdskumu presne a bez manipul\u00e1cie s \u00fadajmi. Ak\u00e9ko\u013evek formy fal\u0161ovania, skres\u013eovania alebo selekt\u00edvneho vynech\u00e1vania \u00fadajov s\u00fa nepr\u00edpustn\u00e9. Plagi\u00e1torstvo, teda pou\u017eitie cudzej pr\u00e1ce bez riadneho citovania, je pova\u017eovan\u00e9 za z\u00e1va\u017en\u00e9 poru\u0161enie etick\u00fdch z\u00e1sad a vedie k odmietnutiu alebo stiahnutiu \u010dl\u00e1nku.<\/p>\n\n\n\n<p>Autori s\u00fa povinn\u00ed riadne uv\u00e1dza\u0165 v\u0161etky pou\u017eit\u00e9 zdroje a zabezpe\u010di\u0165, aby cit\u00e1cie boli presn\u00e9 a overite\u013en\u00e9. Autorstvo by malo by\u0165 priznan\u00e9 iba osob\u00e1m, ktor\u00e9 v\u00fdznamne prispeli k vzniku \u010dl\u00e1nku. V\u0161etci spoluautori musia s\u00fahlasi\u0165 s kone\u010dnou verziou rukopisu a jeho odoslan\u00edm na publikovanie.<\/p>\n\n\n\n<p>V procese publikovania je nevyhnutn\u00e9 predch\u00e1dza\u0165 konfliktu z\u00e1ujmov. Autori, recenzenti aj redaktori s\u00fa povinn\u00ed ozn\u00e1mi\u0165 ak\u00e9ko\u013evek finan\u010dn\u00e9, osobn\u00e9 alebo profesion\u00e1lne vz\u0165ahy, ktor\u00e9 by mohli ovplyvni\u0165 objektivitu ich rozhodovania alebo hodnotenia. Transparentnos\u0165 v tejto oblasti je k\u013e\u00fa\u010dov\u00e1 pre zachovanie d\u00f4very v publika\u010dn\u00fd proces.<\/p>\n\n\n\n<p>Recenzn\u00e9 konanie v \u010dasopise <em>Health &amp; Humanity<\/em> prebieha nez\u00e1visle, objekt\u00edvne a d\u00f4verne. Recenzenti posudzuj\u00fa pr\u00edspevky v\u00fdlu\u010dne na z\u00e1klade ich odbornej kvality, originality a pr\u00ednosu pre dan\u00fa oblas\u0165. Inform\u00e1cie z\u00edskan\u00e9 po\u010das recenzn\u00e9ho procesu s\u00fa pova\u017eovan\u00e9 za d\u00f4vern\u00e9 a nesm\u00fa by\u0165 pou\u017eit\u00e9 na osobn\u00fd prospech ani spr\u00edstupnen\u00e9 tret\u00edm stran\u00e1m.<\/p>\n\n\n\n<p>V\u00fdskum publikovan\u00fd v \u010dasopise mus\u00ed by\u0165 realizovan\u00fd v s\u00falade s etick\u00fdmi normami. V pr\u00edpade v\u00fdskumu zah\u0155\u0148aj\u00faceho \u013eud\u00ed alebo citliv\u00e9 \u00fadaje je nevyhnutn\u00e9 zabezpe\u010di\u0165 informovan\u00fd s\u00fahlas \u00fa\u010dastn\u00edkov a re\u0161pektova\u0165 ich pr\u00e1va a s\u00fakromie. Spracovanie osobn\u00fdch \u00fadajov mus\u00ed by\u0165 v s\u00falade s platnou legislat\u00edvou, najm\u00e4 s GDPR.<\/p>\n\n\n\n<p>Redakcia \u010dasopisu nesie zodpovednos\u0165 za kone\u010dn\u00e9 rozhodnutie o publikovan\u00ed pr\u00edspevkov, pri\u010dom sa riadi z\u00e1sadami f\u00e9rovosti, nestrannosti a odbornosti. V pr\u00edpade zistenia poru\u0161enia etick\u00fdch pravidiel si redakcia vyhradzuje pr\u00e1vo \u010dl\u00e1nok odmietnu\u0165, opravi\u0165 alebo stiahnu\u0165 z publik\u00e1cie.<\/p>\n\n\n\n<p>\u010casopis <em>Health &amp; Humanity<\/em> odmieta ak\u00fako\u013evek formu diskrimin\u00e1cie a podporuje re\u0161pekt, inkl\u00faziu a otvoren\u00fa odborn\u00fa diskusiu. V\u0161etci \u00fa\u010dastn\u00edci publika\u010dn\u00e9ho procesu s\u00fa povinn\u00ed spr\u00e1va\u0165 sa profesion\u00e1lne a s \u00factou vo\u010di ostatn\u00fdm.<\/p>\n\n\n\n<p>V pr\u00edpade zistenia ch\u00fdb alebo nepresnost\u00ed v publikovan\u00fdch \u010dl\u00e1nkoch je povinnos\u0165ou autorov aj redakcie zabezpe\u010di\u0165 ich bezodkladn\u00fa opravu. V z\u00e1va\u017en\u00fdch pr\u00edpadoch m\u00f4\u017ee d\u00f4js\u0165 k stiahnutiu \u010dl\u00e1nku, aby sa zachovala integrita vedeck\u00e9ho z\u00e1znamu.<\/p>\n\n\n\n<p>Tento etick\u00fd k\u00f3dex je z\u00e1v\u00e4zn\u00fd pre v\u0161etk\u00fdch autorov, recenzentov a \u010dlenov redakcie \u010dasopisu <em>Health &amp; Humanity<\/em>. Jeho cie\u013eom je vytv\u00e1ra\u0165 d\u00f4veryhodn\u00e9 a etick\u00e9 publika\u010dn\u00e9 prostredie, ktor\u00e9 podporuje kvalitu, transparentnos\u0165 a zodpovednos\u0165 v oblasti vedy a spolo\u010dnosti.<\/p>\n<\/blockquote>","protected":false},"excerpt":{"rendered":"<p>Etick\u00fd k\u00f3dex &#8211; Health &amp; Humanity \u010casopis Health &amp; Humanity sa zav\u00e4zuje dodr\u017eiava\u0165 vysok\u00e9 etick\u00e9 \u0161tandardy v oblasti publikovania, vedeck\u00e9ho v\u00fdskumu a odbornej komunik\u00e1cie. Cie\u013eom tohto etick\u00e9ho k\u00f3dexu je zabezpe\u010di\u0165 d\u00f4veryhodnos\u0165, transparentnos\u0165 a kvalitu publikovan\u00fdch pr\u00edspevkov, ako aj jasne definova\u0165 pravidl\u00e1 pre autorov, recenzentov a \u010dlenov redakcie. V\u0161etky publikovan\u00e9 pr\u00edspevky musia by\u0165 origin\u00e1lne, pravdiv\u00e9 a [&hellip;]<\/p>\n","protected":false},"author":2,"featured_media":0,"parent":135,"menu_order":0,"comment_status":"closed","ping_status":"closed","template":"page-with-title","meta":{"_monsterinsights_skip_tracking":false,"_monsterinsights_sitenote_active":false,"_monsterinsights_sitenote_note":"","_monsterinsights_sitenote_category":0,"footnotes":""},"class_list":["post-511","page","type-page","status-publish","hentry"],"aioseo_notices":[],"_links":{"self":[{"href":"https:\/\/ieacademy.eu\/en\/wp-json\/wp\/v2\/pages\/511","targetHints":{"allow":["GET"]}}],"collection":[{"href":"https:\/\/ieacademy.eu\/en\/wp-json\/wp\/v2\/pages"}],"about":[{"href":"https:\/\/ieacademy.eu\/en\/wp-json\/wp\/v2\/types\/page"}],"author":[{"embeddable":true,"href":"https:\/\/ieacademy.eu\/en\/wp-json\/wp\/v2\/users\/2"}],"replies":[{"embeddable":true,"href":"https:\/\/ieacademy.eu\/en\/wp-json\/wp\/v2\/comments?post=511"}],"version-history":[{"count":2,"href":"https:\/\/ieacademy.eu\/en\/wp-json\/wp\/v2\/pages\/511\/revisions"}],"predecessor-version":[{"id":514,"href":"https:\/\/ieacademy.eu\/en\/wp-json\/wp\/v2\/pages\/511\/revisions\/514"}],"up":[{"embeddable":true,"href":"https:\/\/ieacademy.eu\/en\/wp-json\/wp\/v2\/pages\/135"}],"wp:attachment":[{"href":"https:\/\/ieacademy.eu\/en\/wp-json\/wp\/v2\/media?parent=511"}],"curies":[{"name":"wp","href":"https:\/\/api.w.org\/{rel}","templated":true}]}}